{"id":7,"date":"2016-04-05T01:16:28","date_gmt":"2016-04-05T01:16:28","guid":{"rendered":"https:\/\/www.graficosparanegocios.com\/?page_id=2"},"modified":"2016-04-05T01:16:28","modified_gmt":"2016-04-05T01:16:28","slug":"nosotros","status":"publish","type":"page","link":"https:\/\/graficosparanegocios.com\/?page_id=7","title":{"rendered":"Nosotros"},"content":{"rendered":"<p><strong>GraficosParaNegocios.com<\/strong>, pretende poner al alcance de los Emprendedores de Internet y\/o aquellos que necesiten gr\u00e1ficos para utilizar en sus webs, productos, cartas de ventas, publicidad g\u00e1rficas u online, etc., una web con productos, herramientas, tutoriales y mucha informaci\u00f3n<\/p>\n<p>Salvo algunas excepciones, vendemos nuestros productos a trav\u00e9s de la web <strong><a href=\"http:\/\/www.infoproductos.com\" target=\"_blank\">InfoProductos.com<\/a><\/strong> en su tienda virtual adem\u00e1s de otros productos como libros digitales, plugins para wordpress y muchas cosas m\u00e1s.<\/p>\n<p>.<\/p>\n","protected":false},"excerpt":{"rendered":"<p>GraficosParaNegocios.com, pretende poner al alcance de los Emprendedores de Internet y\/o aquellos que necesiten gr\u00e1ficos para utilizar en sus webs, productos, cartas de ventas, publicidad g\u00e1rficas u online, etc., una web con productos, herramientas, tutoriales y mucha informaci\u00f3n Salvo algunas excepciones, vendemos nuestros productos a trav\u00e9s de la web InfoProductos.com en su tienda virtual adem\u00e1s [&hellip;]<\/p>\n","protected":false},"author":1,"featured_media":0,"parent":0,"menu_order":0,"comment_status":"closed","ping_status":"open","template":"","meta":{"footnotes":""},"class_list":["post-7","page","type-page","status-publish","hentry"],"_links":{"self":[{"href":"https:\/\/graficosparanegocios.com\/index.php?rest_route=\/wp\/v2\/pages\/7","targetHints":{"allow":["GET"]}}],"collection":[{"href":"https:\/\/graficosparanegocios.com\/index.php?rest_route=\/wp\/v2\/pages"}],"about":[{"href":"https:\/\/graficosparanegocios.com\/index.php?rest_route=\/wp\/v2\/types\/page"}],"author":[{"embeddable":true,"href":"https:\/\/graficosparanegocios.com\/index.php?rest_route=\/wp\/v2\/users\/1"}],"replies":[{"embeddable":true,"href":"https:\/\/graficosparanegocios.com\/index.php?rest_route=%2Fwp%2Fv2%2Fcomments&post=7"}],"version-history":[{"count":0,"href":"https:\/\/graficosparanegocios.com\/index.php?rest_route=\/wp\/v2\/pages\/7\/revisions"}],"wp:attachment":[{"href":"https:\/\/graficosparanegocios.com\/index.php?rest_route=%2Fwp%2Fv2%2Fmedia&parent=7"}],"curies":[{"name":"wp","href":"https:\/\/api.w.org\/{rel}","templated":true}]}}